{"id":116,"date":"2025-04-17T05:14:08","date_gmt":"2025-04-17T05:14:08","guid":{"rendered":"https:\/\/kerkuus.com\/?page_id=116"},"modified":"2025-04-19T17:41:47","modified_gmt":"2025-04-19T17:41:47","slug":"avis-legal","status":"publish","type":"page","link":"https:\/\/kerkuus.com\/es\/avis-legal\/","title":{"rendered":"Aviso Legal"},"content":{"rendered":"<div data-elementor-type=\"wp-page\" data-elementor-id=\"116\" class=\"elementor elementor-116\" data-elementor-post-type=\"page\">\n\t\t\t\t<div class=\"elementor-element elementor-element-bd41acc e-flex e-con-boxed e-con e-parent\" data-id=\"bd41acc\" data-element_type=\"container\" data-e-type=\"container\">\n\t\t\t\t\t<div class=\"e-con-inner\">\n\t\t\t\t<div class=\"elementor-element elementor-element-5827e2f elementor-widget elementor-widget-heading\" data-id=\"5827e2f\" data-element_type=\"widget\" data-e-type=\"widget\" data-widget_type=\"heading.default\">\n\t\t\t\t<div class=\"elementor-widget-container\">\n\t\t\t\t\t<h2 class=\"elementor-heading-title elementor-size-default\">Aviso Legal<\/h2>\t\t\t\t<\/div>\n\t\t\t\t<\/div>\n\t\t\t\t<div class=\"elementor-element elementor-element-151585f elementor-widget elementor-widget-text-editor\" data-id=\"151585f\" data-element_type=\"widget\" data-e-type=\"widget\" data-widget_type=\"text-editor.default\">\n\t\t\t\t<div class=\"elementor-widget-container\">\n\t\t\t\t\t\t\t\t\t<p><span style=\"font-weight: 400;\">El prop\u00f3sito de este Aviso Legal es informar a los usuarios de&nbsp;<\/span><a href=\"https:\/\/kerkuus.com\/es\/\" target=\"_blank\" rel=\"noopener\">www.kerkuus.com<\/a><span style=\"font-weight: 400;\">, domiciliada en, C\/ Barcelona 27 (SILS) cuya raz\u00f3n social del Responsable de cuyo tratamiento es JORDI CLARET TERRADAS con DNI 40564088T<\/span>, titular de la marca registrada KERKUUS, con domicilio en C\/ Barcelona 27 (Sils), y direcci\u00f3n de contacto electr\u00f3nico:&nbsp;<a href=\"mailto:info@kerkuus.com\" target=\"_blank\" rel=\"noopener\">info@kerkuus.com<\/a><span style=\"font-weight: 400;\">, de cu\u00e1l es su pol\u00edtica de protecci\u00f3n de la privacidad y confidencialidad de los datos de car\u00e1cter personal seg\u00fan el Reglamento General de Protecci\u00f3n de Datos (RGPD) que sus usuarios facilitan de forma libre y voluntaria. KERKUUS pone en su conocimiento que dispone de sus datos de car\u00e1cter personal especificados en el correspondiente registro de actividades del tratamiento de la empresa denominado Gesti\u00f3n de Usuarios Web.<\/span><\/p>\n<p><span style=\"font-weight: 400;\">La base legal para el tratamiento de sus datos es el consentimiento obtenido del propio titular del tratamiento en el momento de cumplimentar nuestro formulario on-line y aceptarlo de forma expresa.<\/span><\/p>\n<p><span style=\"font-weight: 400;\">La finalidad de la creaci\u00f3n, existencia y mantenimiento es el tratamiento de los datos con los fines exclusivos de poder hacer efectiva la solicitud de informaci\u00f3n.<\/span><\/p>\n<p><span style=\"font-weight: 400;\">Los destinatarios de la informaci\u00f3n son todos los departamentos, compartimentos, locales y entes asociados en los que se organiza KERKUUS y no ser\u00e1n cedidos a ning\u00fan tercero salvo en los casos que exista una obligaci\u00f3n legal.<\/span><\/p>\n<p><span style=\"font-weight: 400;\">En cualquier caso, usted tiene derecho a obtener confirmaci\u00f3n sobre si en KERKUUS estamos tratando sus datos personales por tanto tiene derecho a acceder a sus datos personales, rectificar los datos inexactos o solicitar su supresi\u00f3n cuando los datos ya no sean necesarios.<\/span><\/p>\n<p><span style=\"font-weight: 400;\">Todos los campos del formulario on-line marcados con un asterisco son de obligado cumplimiento para poder hacer efectiva su solicitud de informaci\u00f3n.<\/span><\/p>\n<p><span style=\"font-weight: 400;\">La web&nbsp;<\/span><span style=\"color: #333366;\"><span style=\"background-color: #ffffff;\"><a href=\"https:\/\/kerkuus.com\/es\/\">www.kerkuus.com<\/a><\/span><\/span><span style=\"font-weight: 400;\">&nbsp;ha adoptado las medidas de \u00edndole t\u00e9cnica y organizativas necesarias, seg\u00fan el nivel de seguridad de protecci\u00f3n de datos que le corresponde legalmente, para garantizar la seguridad del tratamiento de datos de car\u00e1cter personal que constituyen el fichero automatizado. ella ha actuado con la diligencia debida para proteger los datos conforme determina la ley.<\/span><\/p>\n<p><span style=\"font-weight: 400;\">La pol\u00edtica de cookies de la Web&nbsp;<\/span><span style=\"color: #333366;\"><span style=\"background-color: #ffffff;\"><a href=\"https:\/\/kerkuus.com\/es\/\">www.kerkuus.com<\/a><\/span><\/span><span style=\"font-weight: 400;\">&nbsp;se encuentra determinada en el apartado correspondiente.<\/span><\/p>\n<p><span style=\"font-weight: 400;\">La Web&nbsp;<\/span><span style=\"color: #333366;\"><span style=\"background-color: #ffffff;\"><a href=\"https:\/\/kerkuus.com\/es\/\">www.kerkuus.com<\/a><\/span><\/span>&nbsp;<span style=\"font-weight: 400;\">har\u00e1 todo lo posible para que sus datos est\u00e9n siempre actualizados. Sin embargo, la responsabilidad sobre la calidad de los datos depende del titular de estos datos, por eso, si hay alguna modificaci\u00f3n de los datos, el usuario de la web los comunicar\u00e1 al Responsable del Archivo, declinando esta toda responsabilidad en caso de que omita el usuario.<\/span><\/p>\n<p><span style=\"font-weight: 400;\">La prestaci\u00f3n del servicio de este sitio web y las presentes condiciones de uso del sitio web se rigen por la Ley espa\u00f1ola. Para cualquier discrepancia en la ejecuci\u00f3n, interpretaci\u00f3n, cumplimiento de estas condiciones, las partes se someten a los Juzgados y Tribunales competentes.<\/span><\/p>\t\t\t\t\t\t\t\t<\/div>\n\t\t\t\t<\/div>\n\t\t\t\t\t<\/div>\n\t\t\t\t<\/div>\n\t\t<div class=\"elementor-element elementor-element-87ba821 e-flex e-con-boxed e-con e-parent\" data-id=\"87ba821\" data-element_type=\"container\" data-e-type=\"container\">\n\t\t\t\t\t<div class=\"e-con-inner\">\n\t\t\t\t\t<\/div>\n\t\t\t\t<\/div>\n\t\t\t\t<\/div>","protected":false},"excerpt":{"rendered":"<p>Av\u00eds Legal El prop\u00f2sit d\u2019aquest Av\u00eds Legal \u00e9s informar els usuaris de&nbsp;www.kerkuus.com, domiciliada a, C\/ Barcelona 27 (SILS) la ra\u00f3 social del Responsable del tractament del qual \u00e9s JORDI CLARET TERRADAS amb DNI 40564088T, titular de la marca registrada KERKUUS, amb domicili a C\/ Barcelona 27 (Sils), i adre\u00e7a de contacte electr\u00f2nic:&nbsp;info@kerkuus.com, de quina \u00e9s [&hellip;]<\/p>","protected":false},"author":1,"featured_media":0,"parent":0,"menu_order":0,"comment_status":"closed","ping_status":"closed","template":"","meta":{"footnotes":""},"class_list":["post-116","page","type-page","status-publish","hentry"],"yoast_head":"<!-- This site is optimized with the Yoast SEO plugin v24.8.1 - https:\/\/yoast.com\/wordpress\/plugins\/seo\/ -->\n<title>Av\u00eds Legal - kerkuus.com<\/title>\n<meta name=\"robots\" content=\"index, follow, max-snippet:-1, max-image-preview:large, max-video-preview:-1\" \/>\n<link rel=\"canonical\" href=\"https:\/\/kerkuus.com\/es\/avis-legal\/\" \/>\n<meta property=\"og:locale\" content=\"es_ES\" \/>\n<meta property=\"og:type\" content=\"article\" \/>\n<meta property=\"og:title\" content=\"Av\u00eds Legal - kerkuus.com\" \/>\n<meta property=\"og:description\" content=\"Av\u00eds Legal El prop\u00f2sit d\u2019aquest Av\u00eds Legal \u00e9s informar els usuaris de&nbsp;www.kerkuus.com, domiciliada a, C\/ Barcelona 27 (SILS) la ra\u00f3 social del Responsable del tractament del qual \u00e9s JORDI CLARET TERRADAS amb DNI 40564088T, titular de la marca registrada KERKUUS, amb domicili a C\/ Barcelona 27 (Sils), i adre\u00e7a de contacte electr\u00f2nic:&nbsp;info@kerkuus.com, de quina \u00e9s [&hellip;]\" \/>\n<meta property=\"og:url\" content=\"https:\/\/kerkuus.com\/es\/avis-legal\/\" \/>\n<meta property=\"og:site_name\" content=\"kerkuus.com\" \/>\n<meta property=\"article:modified_time\" content=\"2025-04-19T17:41:47+00:00\" \/>\n<meta name=\"twitter:card\" content=\"summary_large_image\" \/>\n<meta name=\"twitter:label1\" content=\"Tiempo de lectura\" \/>\n\t<meta name=\"twitter:data1\" content=\"3 minutos\" \/>\n<script type=\"application\/ld+json\" class=\"yoast-schema-graph\">{\"@context\":\"https:\/\/schema.org\",\"@graph\":[{\"@type\":\"WebPage\",\"@id\":\"https:\/\/kerkuus.com\/avis-legal\/\",\"url\":\"https:\/\/kerkuus.com\/avis-legal\/\",\"name\":\"Av\u00eds Legal - kerkuus.com\",\"isPartOf\":{\"@id\":\"https:\/\/www.kerkuus.com\/#website\"},\"datePublished\":\"2025-04-17T05:14:08+00:00\",\"dateModified\":\"2025-04-19T17:41:47+00:00\",\"breadcrumb\":{\"@id\":\"https:\/\/kerkuus.com\/avis-legal\/#breadcrumb\"},\"inLanguage\":\"es\",\"potentialAction\":[{\"@type\":\"ReadAction\",\"target\":[\"https:\/\/kerkuus.com\/avis-legal\/\"]}]},{\"@type\":\"BreadcrumbList\",\"@id\":\"https:\/\/kerkuus.com\/avis-legal\/#breadcrumb\",\"itemListElement\":[{\"@type\":\"ListItem\",\"position\":1,\"name\":\"Home\",\"item\":\"https:\/\/www.kerkuus.com\/\"},{\"@type\":\"ListItem\",\"position\":2,\"name\":\"Av\u00eds Legal\"}]},{\"@type\":\"WebSite\",\"@id\":\"https:\/\/www.kerkuus.com\/#website\",\"url\":\"https:\/\/www.kerkuus.com\/\",\"name\":\"kerkuus.com\",\"description\":\"Dissenyem estrat\u00e8gia. Generem clients\",\"publisher\":{\"@id\":\"https:\/\/www.kerkuus.com\/#organization\"},\"potentialAction\":[{\"@type\":\"SearchAction\",\"target\":{\"@type\":\"EntryPoint\",\"urlTemplate\":\"https:\/\/www.kerkuus.com\/?s={search_term_string}\"},\"query-input\":{\"@type\":\"PropertyValueSpecification\",\"valueRequired\":true,\"valueName\":\"search_term_string\"}}],\"inLanguage\":\"es\"},{\"@type\":\"Organization\",\"@id\":\"https:\/\/www.kerkuus.com\/#organization\",\"name\":\"kerkuus.com\",\"url\":\"https:\/\/www.kerkuus.com\/\",\"logo\":{\"@type\":\"ImageObject\",\"inLanguage\":\"es\",\"@id\":\"https:\/\/www.kerkuus.com\/#\/schema\/logo\/image\/\",\"url\":\"https:\/\/kerkuus.com\/wp-content\/uploads\/2025\/04\/Kerkuus-Main-Logo-1.png\",\"contentUrl\":\"https:\/\/kerkuus.com\/wp-content\/uploads\/2025\/04\/Kerkuus-Main-Logo-1.png\",\"width\":1672,\"height\":416,\"caption\":\"kerkuus.com\"},\"image\":{\"@id\":\"https:\/\/www.kerkuus.com\/#\/schema\/logo\/image\/\"}}]}<\/script>\n<!-- \/ Yoast SEO plugin. -->","yoast_head_json":{"title":"Av\u00eds Legal - kerkuus.com","robots":{"index":"index","follow":"follow","max-snippet":"max-snippet:-1","max-image-preview":"max-image-preview:large","max-video-preview":"max-video-preview:-1"},"canonical":"https:\/\/kerkuus.com\/es\/avis-legal\/","og_locale":"es_ES","og_type":"article","og_title":"Av\u00eds Legal - kerkuus.com","og_description":"Av\u00eds Legal El prop\u00f2sit d\u2019aquest Av\u00eds Legal \u00e9s informar els usuaris de&nbsp;www.kerkuus.com, domiciliada a, C\/ Barcelona 27 (SILS) la ra\u00f3 social del Responsable del tractament del qual \u00e9s JORDI CLARET TERRADAS amb DNI 40564088T, titular de la marca registrada KERKUUS, amb domicili a C\/ Barcelona 27 (Sils), i adre\u00e7a de contacte electr\u00f2nic:&nbsp;info@kerkuus.com, de quina \u00e9s [&hellip;]","og_url":"https:\/\/kerkuus.com\/es\/avis-legal\/","og_site_name":"kerkuus.com","article_modified_time":"2025-04-19T17:41:47+00:00","twitter_card":"summary_large_image","twitter_misc":{"Tiempo de lectura":"3 minutos"},"schema":{"@context":"https:\/\/schema.org","@graph":[{"@type":"WebPage","@id":"https:\/\/kerkuus.com\/avis-legal\/","url":"https:\/\/kerkuus.com\/avis-legal\/","name":"Av\u00eds Legal - kerkuus.com","isPartOf":{"@id":"https:\/\/www.kerkuus.com\/#website"},"datePublished":"2025-04-17T05:14:08+00:00","dateModified":"2025-04-19T17:41:47+00:00","breadcrumb":{"@id":"https:\/\/kerkuus.com\/avis-legal\/#breadcrumb"},"inLanguage":"es","potentialAction":[{"@type":"ReadAction","target":["https:\/\/kerkuus.com\/avis-legal\/"]}]},{"@type":"BreadcrumbList","@id":"https:\/\/kerkuus.com\/avis-legal\/#breadcrumb","itemListElement":[{"@type":"ListItem","position":1,"name":"Home","item":"https:\/\/www.kerkuus.com\/"},{"@type":"ListItem","position":2,"name":"Av\u00eds Legal"}]},{"@type":"WebSite","@id":"https:\/\/www.kerkuus.com\/#website","url":"https:\/\/www.kerkuus.com\/","name":"kerkuus.com","description":"Dise\u00f1amos estrategia. Generamos clientes","publisher":{"@id":"https:\/\/www.kerkuus.com\/#organization"},"potentialAction":[{"@type":"SearchAction","target":{"@type":"EntryPoint","urlTemplate":"https:\/\/www.kerkuus.com\/?s={search_term_string}"},"query-input":{"@type":"PropertyValueSpecification","valueRequired":true,"valueName":"search_term_string"}}],"inLanguage":"es"},{"@type":"Organization","@id":"https:\/\/www.kerkuus.com\/#organization","name":"kerkuus.com","url":"https:\/\/www.kerkuus.com\/","logo":{"@type":"ImageObject","inLanguage":"es","@id":"https:\/\/www.kerkuus.com\/#\/schema\/logo\/image\/","url":"https:\/\/kerkuus.com\/wp-content\/uploads\/2025\/04\/Kerkuus-Main-Logo-1.png","contentUrl":"https:\/\/kerkuus.com\/wp-content\/uploads\/2025\/04\/Kerkuus-Main-Logo-1.png","width":1672,"height":416,"caption":"kerkuus.com"},"image":{"@id":"https:\/\/www.kerkuus.com\/#\/schema\/logo\/image\/"}}]}},"_links":{"self":[{"href":"https:\/\/kerkuus.com\/es\/wp-json\/wp\/v2\/pages\/116","targetHints":{"allow":["GET"]}}],"collection":[{"href":"https:\/\/kerkuus.com\/es\/wp-json\/wp\/v2\/pages"}],"about":[{"href":"https:\/\/kerkuus.com\/es\/wp-json\/wp\/v2\/types\/page"}],"author":[{"embeddable":true,"href":"https:\/\/kerkuus.com\/es\/wp-json\/wp\/v2\/users\/1"}],"replies":[{"embeddable":true,"href":"https:\/\/kerkuus.com\/es\/wp-json\/wp\/v2\/comments?post=116"}],"version-history":[{"count":25,"href":"https:\/\/kerkuus.com\/es\/wp-json\/wp\/v2\/pages\/116\/revisions"}],"predecessor-version":[{"id":231,"href":"https:\/\/kerkuus.com\/es\/wp-json\/wp\/v2\/pages\/116\/revisions\/231"}],"wp:attachment":[{"href":"https:\/\/kerkuus.com\/es\/wp-json\/wp\/v2\/media?parent=116"}],"curies":[{"name":"wp","href":"https:\/\/api.w.org\/{rel}","templated":true}]}}