{"id":149,"date":"2025-04-17T08:10:42","date_gmt":"2025-04-17T08:10:42","guid":{"rendered":"https:\/\/kerkuus.com\/?page_id=149"},"modified":"2025-04-19T17:41:31","modified_gmt":"2025-04-19T17:41:31","slug":"politica-de-cookies","status":"publish","type":"page","link":"https:\/\/kerkuus.com\/es\/politica-de-cookies\/","title":{"rendered":"Pol\u00edtica de Cookies"},"content":{"rendered":"<div data-elementor-type=\"wp-page\" data-elementor-id=\"149\" class=\"elementor elementor-149\" data-elementor-post-type=\"page\">\n\t\t\t\t<div class=\"elementor-element elementor-element-bd41acc e-flex e-con-boxed e-con e-parent\" data-id=\"bd41acc\" data-element_type=\"container\" data-e-type=\"container\">\n\t\t\t\t\t<div class=\"e-con-inner\">\n\t\t\t\t<div class=\"elementor-element elementor-element-5827e2f elementor-widget elementor-widget-heading\" data-id=\"5827e2f\" data-element_type=\"widget\" data-e-type=\"widget\" data-widget_type=\"heading.default\">\n\t\t\t\t<div class=\"elementor-widget-container\">\n\t\t\t\t\t<h2 class=\"elementor-heading-title elementor-size-default\">Pol\u00edtica de Cookies<\/h2>\t\t\t\t<\/div>\n\t\t\t\t<\/div>\n\t\t\t\t<div class=\"elementor-element elementor-element-151585f elementor-widget elementor-widget-text-editor\" data-id=\"151585f\" data-element_type=\"widget\" data-e-type=\"widget\" data-widget_type=\"text-editor.default\">\n\t\t\t\t<div class=\"elementor-widget-container\">\n\t\t\t\t\t\t\t\t\t<p><span style=\"font-weight: 400;\">KERKUUS le informa que esta p\u00e1gina web utiliza cookies propias y de terceros para mejorar nuestros servicios.<\/span><\/p>\n<p><span style=\"font-weight: 400;\">DEFINICI\u00d3N DE LAS COOKIES<\/span><\/p>\n<p><span style=\"font-weight: 400;\">\u00bfQu\u00e9 son las galletas? Una cookie es un archivo que se descarga en su ordenador al acceder a determinadas p\u00e1ginas web. Las cookies permiten a una p\u00e1gina web, entre otras cosas, almacenar y recuperar informaci\u00f3n sobre los h\u00e1bitos de navegaci\u00f3n de un usuario o de su equipo y, dependiendo de la informaci\u00f3n que contengan y de la forma que utilice su equipo, pueden utilizarse para reconocer al usuario.<\/span><\/p>\n<p><span style=\"font-weight: 400;\">\u00bfQU\u00c9 TIPO DE COOKIES UTILIZA ESTA P\u00c1GINA WEB?<\/span><\/p>\n<p><span style=\"font-weight: 400;\">Utilizamos cookies con el fin de posibilitar, personalizar y analizar la navegaci\u00f3n, mejorando la calidad de los servicios ofrecidos. Las cookies utilizadas se clasifican en varias categor\u00edas, si bien una cookie puede estar incluida en m\u00e1s de una categor\u00eda:<\/span><\/p>\n<ul>\n<li style=\"font-weight: 400;\" aria-level=\"1\"><span style=\"font-weight: 400;\">Cookies de sesi\u00f3n: son cookies temporales que no se almacenan en el terminal, sino que desaparecen al finalizar la sesi\u00f3n de navegaci\u00f3n.<\/span><\/li>\n<li style=\"font-weight: 400;\" aria-level=\"1\"><span style=\"font-weight: 400;\">Cookies persistentes: son aquellas que permiten que los datos permanezcan en su terminal y puedan ser tratados m\u00e1s all\u00e1 de la finalizaci\u00f3n de la sesi\u00f3n.<\/span><\/li>\n<li style=\"font-weight: 400;\" aria-level=\"1\"><span style=\"font-weight: 400;\">Cookies propias: son aquellas que se env\u00edan a su terminal desde el sitio web, aunque algunas son proporcionadas por la herramienta Google Analytics.<\/span><\/li>\n<li style=\"font-weight: 400;\" aria-level=\"1\"><span style=\"font-weight: 400;\">Cookies de terceros: son cookies que se env\u00edan a su terminal desde un dominio que no es gestionado por Clinical Nutriotion SAU, sino por otra entidad que trata los datos obtenidos a trav\u00e9s de las cookies. Las cookies de terceros que la p\u00e1gina web utiliza est\u00e1n categorizadas como Cookies anal\u00edticas, descritas a continuaci\u00f3n.<\/span><\/li>\n<li style=\"font-weight: 400;\" aria-level=\"1\"><span style=\"font-weight: 400;\">Cookies anal\u00edticas: son cookies utilizadas para el seguimiento y an\u00e1lisis del comportamiento de los usuarios, tambi\u00e9n se clasifican como Cookies de terceros. Este tipo de cookies nos permite medir la actividad en el Sitio Web y\/o Aplicaci\u00f3n a trav\u00e9s de informaci\u00f3n agregada o de car\u00e1cter estad\u00edstico sobre los h\u00e1bitos de navegaci\u00f3n. Utilizamos cookies anal\u00edticas, algunas de las cuales son proporcionadas por la herramienta <\/span><a href=\"https:\/\/www.google.com\/intl\/es_es\/policies\/technologies\/cookies\/\"><span style=\"font-weight: 400;\">Google Analytics.<\/span><\/a><\/li>\n<\/ul>\n<p><span style=\"font-weight: 400;\"><br><\/span><span style=\"font-weight: 400;\">PUEDE PERMITIR, BLOQUEAR O ELIMINAR LAS COOKIES<\/span><\/p>\n<p><span style=\"font-weight: 400;\">Las cookies instaladas en su equipo se pueden bloquear o eliminar mediante la configuraci\u00f3n de las opciones del navegador instalado en su ordenador.<\/span><\/p>\n<p><a href=\"https:\/\/support.mozilla.org\/es\/kb\/cookies-informacion-que-los-sitios-web-guardan-en-#w_configurar-las-cookies\"><span style=\"font-weight: 400;\">Firefox<\/span><\/a><\/p>\n<p><a href=\"http:\/\/support.google.com\/chrome\/bin\/answer.py?hl=es&amp;answer=95647\"><span style=\"font-weight: 400;\">Chrome<\/span><\/a><\/p>\n<p><a href=\"http:\/\/windows.microsoft.com\/es-es\/windows7\/how-to-manage-cookies-in-internet-explorer-9%20http:\/\/windows.microsoft.com\/es-es\/internet-explorer\/delete-manage-cookies#ie=ie-11\"><span style=\"font-weight: 400;\">Explorer<\/span><\/a><\/p>\n<p><a href=\"http:\/\/support.apple.com\/kb\/ph5042\"><span style=\"font-weight: 400;\">Safari<\/span><\/a><\/p>\n<p><a href=\"http:\/\/help.opera.com\/Windows\/11.50\/es-ES\/cookies.html\"><span style=\"font-weight: 400;\">Opera<\/span><\/a><\/p>\n<p><span style=\"font-weight: 400;\">ENLACES EXTERNOS<\/span><\/p>\n<p><span style=\"font-weight: 400;\">Esta web tiene enlaces externos a otros sitios web que podr\u00edan tratar la informaci\u00f3n de acuerdo a otras pol\u00edticas de privacidad (p.ej., redes sociales como Facebook, LinkedIn). En ning\u00fan caso seremos responsables del uso que hagan terceros de esta informaci\u00f3n si el interesado decide proporcionarlos libremente.<\/span><\/p>\n<p><span style=\"font-weight: 400;\">Para mejorar su experiencia de usuario, esta web ha habilitado botones sociales de Facebook, para permitir que el usuario pueda compartir con su c\u00edrculo social aquellos contenidos que le resulten de inter\u00e9s. Asimismo, los botones sociales te evitan la molestia de aportar tus datos personales a esta web mediante el aprovechamiento de la informaci\u00f3n ya compartida de dichas redes sociales, datos a los que no tenemos acceso.<\/span><\/p>\n<p><span style=\"font-weight: 400;\">QU\u00c9 PASA SI SE DESHABILITAN LAS COOKIES<\/span><\/p>\n<p><span style=\"font-weight: 400;\">La navegaci\u00f3n por nuestra web podr\u00eda no ser \u00f3ptima y algunos recursos estar deshabilitados.<\/span><\/p>\n<p><span style=\"font-weight: 400;\">ACTUALIZACIONES Y CAMBIOS<\/span><\/p>\n<p><span style=\"font-weight: 400;\">KERKUUS puede modificar esta Pol\u00edtica de Cookies en funci\u00f3n de exigencias legislativas, reglamentarias, o con el fin de adaptar esta pol\u00edtica a las instrucciones dictadas por la Agencia Espa\u00f1ola de Protecci\u00f3n de Datos, por lo que se aconseja a los usuarios que la visiten peri\u00f3dicamente.<\/span><\/p>\t\t\t\t\t\t\t\t<\/div>\n\t\t\t\t<\/div>\n\t\t\t\t\t<\/div>\n\t\t\t\t<\/div>\n\t\t<div class=\"elementor-element elementor-element-87ba821 e-flex e-con-boxed e-con e-parent\" data-id=\"87ba821\" data-element_type=\"container\" data-e-type=\"container\">\n\t\t\t\t\t<div class=\"e-con-inner\">\n\t\t\t\t\t<\/div>\n\t\t\t\t<\/div>\n\t\t\t\t<\/div>","protected":false},"excerpt":{"rendered":"<p>Pol\u00edtica de Cookies KERKUUS us informa que aquesta p\u00e0gina web utilitza cookies pr\u00f2pies i de tercers per millorar els nostres serveis. DEFINICI\u00d3 DE LES COOKIES Qu\u00e8 s\u00f3n les galetes? Una galeta \u00e9s un fitxer que es descarrega al vostre ordinador en accedir a determinades p\u00e0gines web. Les cookies permeten a una p\u00e0gina web, entre altres [&hellip;]<\/p>","protected":false},"author":1,"featured_media":0,"parent":0,"menu_order":0,"comment_status":"closed","ping_status":"closed","template":"","meta":{"footnotes":""},"class_list":["post-149","page","type-page","status-publish","hentry"],"yoast_head":"<!-- This site is optimized with the Yoast SEO plugin v24.8.1 - https:\/\/yoast.com\/wordpress\/plugins\/seo\/ -->\n<title>Pol\u00edtica de Cookies - kerkuus.com<\/title>\n<meta name=\"robots\" content=\"index, follow, max-snippet:-1, max-image-preview:large, max-video-preview:-1\" \/>\n<link rel=\"canonical\" href=\"https:\/\/kerkuus.com\/es\/politica-de-cookies\/\" \/>\n<meta property=\"og:locale\" content=\"es_ES\" \/>\n<meta property=\"og:type\" content=\"article\" \/>\n<meta property=\"og:title\" content=\"Pol\u00edtica de Cookies - kerkuus.com\" \/>\n<meta property=\"og:description\" content=\"Pol\u00edtica de Cookies KERKUUS us informa que aquesta p\u00e0gina web utilitza cookies pr\u00f2pies i de tercers per millorar els nostres serveis. DEFINICI\u00d3 DE LES COOKIES Qu\u00e8 s\u00f3n les galetes? Una galeta \u00e9s un fitxer que es descarrega al vostre ordinador en accedir a determinades p\u00e0gines web. Les cookies permeten a una p\u00e0gina web, entre altres [&hellip;]\" \/>\n<meta property=\"og:url\" content=\"https:\/\/kerkuus.com\/es\/politica-de-cookies\/\" \/>\n<meta property=\"og:site_name\" content=\"kerkuus.com\" \/>\n<meta property=\"article:modified_time\" content=\"2025-04-19T17:41:31+00:00\" \/>\n<meta name=\"twitter:card\" content=\"summary_large_image\" \/>\n<meta name=\"twitter:label1\" content=\"Tiempo de lectura\" \/>\n\t<meta name=\"twitter:data1\" content=\"3 minutos\" \/>\n<script type=\"application\/ld+json\" class=\"yoast-schema-graph\">{\"@context\":\"https:\/\/schema.org\",\"@graph\":[{\"@type\":\"WebPage\",\"@id\":\"https:\/\/kerkuus.com\/politica-de-cookies\/\",\"url\":\"https:\/\/kerkuus.com\/politica-de-cookies\/\",\"name\":\"Pol\u00edtica de Cookies - kerkuus.com\",\"isPartOf\":{\"@id\":\"https:\/\/www.kerkuus.com\/#website\"},\"datePublished\":\"2025-04-17T08:10:42+00:00\",\"dateModified\":\"2025-04-19T17:41:31+00:00\",\"breadcrumb\":{\"@id\":\"https:\/\/kerkuus.com\/politica-de-cookies\/#breadcrumb\"},\"inLanguage\":\"es\",\"potentialAction\":[{\"@type\":\"ReadAction\",\"target\":[\"https:\/\/kerkuus.com\/politica-de-cookies\/\"]}]},{\"@type\":\"BreadcrumbList\",\"@id\":\"https:\/\/kerkuus.com\/politica-de-cookies\/#breadcrumb\",\"itemListElement\":[{\"@type\":\"ListItem\",\"position\":1,\"name\":\"Home\",\"item\":\"https:\/\/www.kerkuus.com\/\"},{\"@type\":\"ListItem\",\"position\":2,\"name\":\"Pol\u00edtica de Cookies\"}]},{\"@type\":\"WebSite\",\"@id\":\"https:\/\/www.kerkuus.com\/#website\",\"url\":\"https:\/\/www.kerkuus.com\/\",\"name\":\"kerkuus.com\",\"description\":\"Dissenyem estrat\u00e8gia. Generem clients\",\"publisher\":{\"@id\":\"https:\/\/www.kerkuus.com\/#organization\"},\"potentialAction\":[{\"@type\":\"SearchAction\",\"target\":{\"@type\":\"EntryPoint\",\"urlTemplate\":\"https:\/\/www.kerkuus.com\/?s={search_term_string}\"},\"query-input\":{\"@type\":\"PropertyValueSpecification\",\"valueRequired\":true,\"valueName\":\"search_term_string\"}}],\"inLanguage\":\"es\"},{\"@type\":\"Organization\",\"@id\":\"https:\/\/www.kerkuus.com\/#organization\",\"name\":\"kerkuus.com\",\"url\":\"https:\/\/www.kerkuus.com\/\",\"logo\":{\"@type\":\"ImageObject\",\"inLanguage\":\"es\",\"@id\":\"https:\/\/www.kerkuus.com\/#\/schema\/logo\/image\/\",\"url\":\"https:\/\/kerkuus.com\/wp-content\/uploads\/2025\/04\/Kerkuus-Main-Logo-1.png\",\"contentUrl\":\"https:\/\/kerkuus.com\/wp-content\/uploads\/2025\/04\/Kerkuus-Main-Logo-1.png\",\"width\":1672,\"height\":416,\"caption\":\"kerkuus.com\"},\"image\":{\"@id\":\"https:\/\/www.kerkuus.com\/#\/schema\/logo\/image\/\"}}]}<\/script>\n<!-- \/ Yoast SEO plugin. -->","yoast_head_json":{"title":"Pol\u00edtica de Cookies - kerkuus.com","robots":{"index":"index","follow":"follow","max-snippet":"max-snippet:-1","max-image-preview":"max-image-preview:large","max-video-preview":"max-video-preview:-1"},"canonical":"https:\/\/kerkuus.com\/es\/politica-de-cookies\/","og_locale":"es_ES","og_type":"article","og_title":"Pol\u00edtica de Cookies - kerkuus.com","og_description":"Pol\u00edtica de Cookies KERKUUS us informa que aquesta p\u00e0gina web utilitza cookies pr\u00f2pies i de tercers per millorar els nostres serveis. DEFINICI\u00d3 DE LES COOKIES Qu\u00e8 s\u00f3n les galetes? Una galeta \u00e9s un fitxer que es descarrega al vostre ordinador en accedir a determinades p\u00e0gines web. Les cookies permeten a una p\u00e0gina web, entre altres [&hellip;]","og_url":"https:\/\/kerkuus.com\/es\/politica-de-cookies\/","og_site_name":"kerkuus.com","article_modified_time":"2025-04-19T17:41:31+00:00","twitter_card":"summary_large_image","twitter_misc":{"Tiempo de lectura":"3 minutos"},"schema":{"@context":"https:\/\/schema.org","@graph":[{"@type":"WebPage","@id":"https:\/\/kerkuus.com\/politica-de-cookies\/","url":"https:\/\/kerkuus.com\/politica-de-cookies\/","name":"Pol\u00edtica de Cookies - kerkuus.com","isPartOf":{"@id":"https:\/\/www.kerkuus.com\/#website"},"datePublished":"2025-04-17T08:10:42+00:00","dateModified":"2025-04-19T17:41:31+00:00","breadcrumb":{"@id":"https:\/\/kerkuus.com\/politica-de-cookies\/#breadcrumb"},"inLanguage":"es","potentialAction":[{"@type":"ReadAction","target":["https:\/\/kerkuus.com\/politica-de-cookies\/"]}]},{"@type":"BreadcrumbList","@id":"https:\/\/kerkuus.com\/politica-de-cookies\/#breadcrumb","itemListElement":[{"@type":"ListItem","position":1,"name":"Home","item":"https:\/\/www.kerkuus.com\/"},{"@type":"ListItem","position":2,"name":"Pol\u00edtica de Cookies"}]},{"@type":"WebSite","@id":"https:\/\/www.kerkuus.com\/#website","url":"https:\/\/www.kerkuus.com\/","name":"kerkuus.com","description":"Dise\u00f1amos estrategia. Generamos clientes","publisher":{"@id":"https:\/\/www.kerkuus.com\/#organization"},"potentialAction":[{"@type":"SearchAction","target":{"@type":"EntryPoint","urlTemplate":"https:\/\/www.kerkuus.com\/?s={search_term_string}"},"query-input":{"@type":"PropertyValueSpecification","valueRequired":true,"valueName":"search_term_string"}}],"inLanguage":"es"},{"@type":"Organization","@id":"https:\/\/www.kerkuus.com\/#organization","name":"kerkuus.com","url":"https:\/\/www.kerkuus.com\/","logo":{"@type":"ImageObject","inLanguage":"es","@id":"https:\/\/www.kerkuus.com\/#\/schema\/logo\/image\/","url":"https:\/\/kerkuus.com\/wp-content\/uploads\/2025\/04\/Kerkuus-Main-Logo-1.png","contentUrl":"https:\/\/kerkuus.com\/wp-content\/uploads\/2025\/04\/Kerkuus-Main-Logo-1.png","width":1672,"height":416,"caption":"kerkuus.com"},"image":{"@id":"https:\/\/www.kerkuus.com\/#\/schema\/logo\/image\/"}}]}},"_links":{"self":[{"href":"https:\/\/kerkuus.com\/es\/wp-json\/wp\/v2\/pages\/149","targetHints":{"allow":["GET"]}}],"collection":[{"href":"https:\/\/kerkuus.com\/es\/wp-json\/wp\/v2\/pages"}],"about":[{"href":"https:\/\/kerkuus.com\/es\/wp-json\/wp\/v2\/types\/page"}],"author":[{"embeddable":true,"href":"https:\/\/kerkuus.com\/es\/wp-json\/wp\/v2\/users\/1"}],"replies":[{"embeddable":true,"href":"https:\/\/kerkuus.com\/es\/wp-json\/wp\/v2\/comments?post=149"}],"version-history":[{"count":7,"href":"https:\/\/kerkuus.com\/es\/wp-json\/wp\/v2\/pages\/149\/revisions"}],"predecessor-version":[{"id":228,"href":"https:\/\/kerkuus.com\/es\/wp-json\/wp\/v2\/pages\/149\/revisions\/228"}],"wp:attachment":[{"href":"https:\/\/kerkuus.com\/es\/wp-json\/wp\/v2\/media?parent=149"}],"curies":[{"name":"wp","href":"https:\/\/api.w.org\/{rel}","templated":true}]}}